{"id":63,"date":"2023-09-09T22:24:00","date_gmt":"2023-09-09T22:24:00","guid":{"rendered":"https:\/\/www.urbangolf-bremgarten.ch\/?post_type=product&#038;p=63"},"modified":"2025-06-07T22:14:06","modified_gmt":"2025-06-07T22:14:06","slug":"urbangolf-erwachsener","status":"publish","type":"product","link":"https:\/\/www.urbangolf-bremgarten.ch\/?product=urbangolf-erwachsener","title":{"rendered":"Erwachsenenticket &#8222;Urbangolf in Bremgarten&#8220;"},"content":{"rendered":"","protected":false},"excerpt":{"rendered":"<p>G\u00fcltig f\u00fcr ein Urbangolf-Abenteuer in der Altstadt von Bremgarten f\u00fcr eine erwachsene Person ab 16 Jahren.<\/p>\n","protected":false},"featured_media":206,"template":"","meta":[],"product_brand":[],"product_cat":[19,18],"product_tag":[],"mwb_booking_cost":[],"mwb_booking_service":[],"class_list":{"0":"post-63","1":"product","2":"type-product","3":"status-publish","4":"has-post-thumbnail","6":"product_cat-einzeltickets","7":"product_cat-familie","9":"first","10":"instock","11":"downloadable","12":"virtual","13":"purchasable","14":"product-type-simple"},"jetpack_sharing_enabled":true,"_links":{"self":[{"href":"https:\/\/www.urbangolf-bremgarten.ch\/index.php?rest_route=\/wp\/v2\/product\/63","targetHints":{"allow":["GET"]}}],"collection":[{"href":"https:\/\/www.urbangolf-bremgarten.ch\/index.php?rest_route=\/wp\/v2\/product"}],"about":[{"href":"https:\/\/www.urbangolf-bremgarten.ch\/index.php?rest_route=\/wp\/v2\/types\/product"}],"wp:featuredmedia":[{"embeddable":true,"href":"https:\/\/www.urbangolf-bremgarten.ch\/index.php?rest_route=\/wp\/v2\/media\/206"}],"wp:attachment":[{"href":"https:\/\/www.urbangolf-bremgarten.ch\/index.php?rest_route=%2Fwp%2Fv2%2Fmedia&parent=63"}],"wp:term":[{"taxonomy":"product_brand","embeddable":true,"href":"https:\/\/www.urbangolf-bremgarten.ch\/index.php?rest_route=%2Fwp%2Fv2%2Fproduct_brand&post=63"},{"taxonomy":"product_cat","embeddable":true,"href":"https:\/\/www.urbangolf-bremgarten.ch\/index.php?rest_route=%2Fwp%2Fv2%2Fproduct_cat&post=63"},{"taxonomy":"product_tag","embeddable":true,"href":"https:\/\/www.urbangolf-bremgarten.ch\/index.php?rest_route=%2Fwp%2Fv2%2Fproduct_tag&post=63"},{"taxonomy":"mwb_booking_cost","embeddable":true,"href":"https:\/\/www.urbangolf-bremgarten.ch\/index.php?rest_route=%2Fwp%2Fv2%2Fmwb_booking_cost&post=63"},{"taxonomy":"mwb_booking_service","embeddable":true,"href":"https:\/\/www.urbangolf-bremgarten.ch\/index.php?rest_route=%2Fwp%2Fv2%2Fmwb_booking_service&post=63"}],"curies":[{"name":"wp","href":"https:\/\/api.w.org\/{rel}","templated":true}]}}