{"id":9,"date":"2023-06-01T19:34:13","date_gmt":"2023-06-01T19:34:13","guid":{"rendered":"https:\/\/www.urbangolf-bremgarten.ch\/?page_id=9"},"modified":"2025-07-25T09:48:44","modified_gmt":"2025-07-25T09:48:44","slug":"ueber-uns","status":"publish","type":"page","link":"https:\/\/www.urbangolf-bremgarten.ch\/?page_id=9","title":{"rendered":"Fragen und Antworten"},"content":{"rendered":"<p><strong><img loading=\"lazy\" decoding=\"async\" class=\"alignleft wp-image-217\" src=\"https:\/\/www.urbangolf-bremgarten.ch\/wp-content\/uploads\/2025\/06\/oeffnungszeiten-1.png\" alt=\"\" width=\"65\" height=\"91\" srcset=\"https:\/\/www.urbangolf-bremgarten.ch\/wp-content\/uploads\/2025\/06\/oeffnungszeiten-1.png 249w, https:\/\/www.urbangolf-bremgarten.ch\/wp-content\/uploads\/2025\/06\/oeffnungszeiten-1-214x300.png 214w\" sizes=\"auto, (max-width: 65px) 100vw, 65px\" \/>Wie lange dauert der Urbangolf-Parcours?<br \/><\/strong>Erwachsene ben\u00f6tigen f\u00fcr den Urbangolf-Parcours ca. 2 Stunden ohne Pause, mit Kindern\u00a0 kann es auch l\u00e4nger dauern.\u00a0 Wichtig ist: Der Spass steht im Vordergrund!\u00a0\u00a0<\/p>\r\n<p><strong><img loading=\"lazy\" decoding=\"async\" class=\"alignleft wp-image-238\" src=\"https:\/\/www.urbangolf-bremgarten.ch\/wp-content\/uploads\/2025\/06\/karte.png\" alt=\"\" width=\"65\" height=\"119\" srcset=\"https:\/\/www.urbangolf-bremgarten.ch\/wp-content\/uploads\/2025\/06\/karte.png 249w, https:\/\/www.urbangolf-bremgarten.ch\/wp-content\/uploads\/2025\/06\/karte-165x300.png 165w\" sizes=\"auto, (max-width: 65px) 100vw, 65px\" \/>Wie finden wir die Urbangolf-Bahnen?<\/strong><br \/>Jede Gruppe erh\u00e4lt eine Brosch\u00fcre mit \u00dcbersichtskarte und einer genauen Beschreibung aller Posten. F\u00fcr jeden Posten ist der Weg detailliert skizziert, zudem kann \u00fcber einen einfachen QR-Code das Handy die Navigation mit Google Maps \u00fcbernehmen.<\/p>\r\n<p><strong><img loading=\"lazy\" decoding=\"async\" class=\"alignleft wp-image-232\" src=\"https:\/\/www.urbangolf-bremgarten.ch\/wp-content\/uploads\/2025\/06\/feuer-1.png\" alt=\"\" width=\"65\" height=\"119\" srcset=\"https:\/\/www.urbangolf-bremgarten.ch\/wp-content\/uploads\/2025\/06\/feuer-1.png 249w, https:\/\/www.urbangolf-bremgarten.ch\/wp-content\/uploads\/2025\/06\/feuer-1-165x300.png 165w\" sizes=\"auto, (max-width: 65px) 100vw, 65px\" \/>Wo gibt es gute M\u00f6glichkeiten f\u00fcr Picknick oder Br\u00e4teln?<\/strong><br \/>F\u00fcr ein Picknick findet sich bei den vielen lauschigen Pl\u00e4tzen in Bremgarten fast \u00fcberall eine M\u00f6glichkeit, beispielsweise bieten Posten 3 oder 4 bequeme Sitzpl\u00e4tze direkt am Fluss. An Posten 7 gibt es zudem an der Reuss eine Grillm\u00f6glichkeit mit eigenem Sandstrand &#8211; auch ideal zum Baden.\u00a0<\/p>\r\n<p><strong><img loading=\"lazy\" decoding=\"async\" class=\"alignleft wp-image-240\" src=\"https:\/\/www.urbangolf-bremgarten.ch\/wp-content\/uploads\/2025\/06\/gruppeIcon.png\" alt=\"\" width=\"65\" height=\"119\" srcset=\"https:\/\/www.urbangolf-bremgarten.ch\/wp-content\/uploads\/2025\/06\/gruppeIcon.png 249w, https:\/\/www.urbangolf-bremgarten.ch\/wp-content\/uploads\/2025\/06\/gruppeIcon-165x300.png 165w\" sizes=\"auto, (max-width: 65px) 100vw, 65px\" \/>Kann man Urbangolf auch gut in Gruppen spielen?<br \/><\/strong>Ja, man kann Urbangolf gut in Gruppen spielen. Bei mehr als 5 &#8211; 6\u00a0 Personen empfehlen wir euch eine Aufteilung in Untergruppen, da man dann weniger aufeinander warten muss.\u00a0<\/p>\r\n<p><strong><img loading=\"lazy\" decoding=\"async\" class=\"alignleft wp-image-242\" src=\"https:\/\/www.urbangolf-bremgarten.ch\/wp-content\/uploads\/2025\/06\/gefaehrlich.png\" alt=\"\" width=\"65\" height=\"119\" srcset=\"https:\/\/www.urbangolf-bremgarten.ch\/wp-content\/uploads\/2025\/06\/gefaehrlich.png 249w, https:\/\/www.urbangolf-bremgarten.ch\/wp-content\/uploads\/2025\/06\/gefaehrlich-165x300.png 165w\" sizes=\"auto, (max-width: 65px) 100vw, 65px\" \/>Ist das Golfspiel gef\u00e4hrlich?<\/strong><br \/>Nein, \u00fcberhaupt nicht! Es werden spezielle Golfb\u00e4lle aus weichem Schaumstoff verwendet.\u00a0 Sch\u00e4den an Material und an Dritten m\u00fcssen selbst durch die Haftpflichtversicherung getragen werden.<\/p>\r\n<p><strong>\u00a0<img loading=\"lazy\" decoding=\"async\" class=\"alignleft wp-image-245\" src=\"https:\/\/www.urbangolf-bremgarten.ch\/wp-content\/uploads\/2025\/06\/schule.png\" alt=\"\" width=\"65\" height=\"119\" srcset=\"https:\/\/www.urbangolf-bremgarten.ch\/wp-content\/uploads\/2025\/06\/schule.png 249w, https:\/\/www.urbangolf-bremgarten.ch\/wp-content\/uploads\/2025\/06\/schule-165x300.png 165w\" sizes=\"auto, (max-width: 65px) 100vw, 65px\" \/>Ist das Urbangolf Bremgarten auch f\u00fcr Schulen geeignet?<\/strong><br \/>Gerade f\u00fcr Schulreisen oder Schullager ist Urbangolf eine sehr geeignete M\u00f6glichkeit, um die Altstadt von Bremgarten einmal auf eine andere Art und Weise zu erkunden. Wir bieten attraktive Spezialpreise f\u00fcr <a href=\"https:\/\/www.urbangolf-bremgarten.ch\/?product=urbangolf-erwachsener\">Schulklassen<\/a> an.<\/p>\r\n<p><strong><img loading=\"lazy\" decoding=\"async\" class=\"alignleft wp-image-247\" src=\"https:\/\/www.urbangolf-bremgarten.ch\/wp-content\/uploads\/2025\/06\/rollstuhl-1.png\" alt=\"\" width=\"65\" height=\"148\" srcset=\"https:\/\/www.urbangolf-bremgarten.ch\/wp-content\/uploads\/2025\/06\/rollstuhl-1.png 249w, https:\/\/www.urbangolf-bremgarten.ch\/wp-content\/uploads\/2025\/06\/rollstuhl-1-132x300.png 132w\" sizes=\"auto, (max-width: 65px) 100vw, 65px\" \/>Ist der Urbangolf-Parcours auch mit dem Rollstuhl machbar?<\/strong><br \/>Der Golfparcours f\u00fchrt teils \u00fcber Pflastersteine und die Bahnen werden auf verschiedenen H\u00f6hen gespielt. Mit Begleitung eines Erwachsenen ist das Golfspiel auch im Rollstuhl beschr\u00e4nkt spielbar. <br \/>Hinweis: Zwischen Posten 7 und 8 f\u00fchrt der Parcours \u00fcber eine Treppe von rund 25 m L\u00e4nge &#8211;\u00a0 die Treppe kann mit einem Umweg von ca. 15 Minuten allerdings umgangen werden.\u00a0<\/p>","protected":false},"excerpt":{"rendered":"<p>Wie lange dauert der Urbangolf-Parcours?Erwachsene ben\u00f6tigen f\u00fcr den Urbangolf-Parcours ca. 2 Stunden ohne Pause, mit Kindern\u00a0 kann es auch l\u00e4nger dauern.\u00a0 Wichtig ist: Der Spass steht im Vordergrund!\u00a0\u00a0 Wie finden wir die Urbangolf-Bahnen?Jede Gruppe erh\u00e4lt eine Brosch\u00fcre mit \u00dcbersichtskarte und einer genauen Beschreibung aller Posten. F\u00fcr jeden Posten ist der Weg detailliert skizziert, zudem kann &hellip; <\/p>\n<p class=\"link-more\"><a href=\"https:\/\/www.urbangolf-bremgarten.ch\/?page_id=9\" class=\"more-link\"><span class=\"screen-reader-text\">\u201eFragen und Antworten\u201c<\/span> weiterlesen<\/a><\/p>\n","protected":false},"author":1,"featured_media":0,"parent":0,"menu_order":0,"comment_status":"closed","ping_status":"closed","template":"","meta":{"footnotes":""},"class_list":["post-9","page","type-page","status-publish","hentry"],"jetpack_sharing_enabled":true,"_links":{"self":[{"href":"https:\/\/www.urbangolf-bremgarten.ch\/index.php?rest_route=\/wp\/v2\/pages\/9","targetHints":{"allow":["GET"]}}],"collection":[{"href":"https:\/\/www.urbangolf-bremgarten.ch\/index.php?rest_route=\/wp\/v2\/pages"}],"about":[{"href":"https:\/\/www.urbangolf-bremgarten.ch\/index.php?rest_route=\/wp\/v2\/types\/page"}],"author":[{"embeddable":true,"href":"https:\/\/www.urbangolf-bremgarten.ch\/index.php?rest_route=\/wp\/v2\/users\/1"}],"replies":[{"embeddable":true,"href":"https:\/\/www.urbangolf-bremgarten.ch\/index.php?rest_route=%2Fwp%2Fv2%2Fcomments&post=9"}],"version-history":[{"count":19,"href":"https:\/\/www.urbangolf-bremgarten.ch\/index.php?rest_route=\/wp\/v2\/pages\/9\/revisions"}],"predecessor-version":[{"id":259,"href":"https:\/\/www.urbangolf-bremgarten.ch\/index.php?rest_route=\/wp\/v2\/pages\/9\/revisions\/259"}],"wp:attachment":[{"href":"https:\/\/www.urbangolf-bremgarten.ch\/index.php?rest_route=%2Fwp%2Fv2%2Fmedia&parent=9"}],"curies":[{"name":"wp","href":"https:\/\/api.w.org\/{rel}","templated":true}]}}