{"id":8,"date":"2023-06-01T19:34:13","date_gmt":"2023-06-01T19:34:13","guid":{"rendered":"https:\/\/www.urbangolf-bremgarten.ch\/?page_id=8"},"modified":"2025-05-11T08:16:20","modified_gmt":"2025-05-11T08:16:20","slug":"startseite","status":"publish","type":"page","link":"https:\/\/www.urbangolf-bremgarten.ch\/","title":{"rendered":"Urbangolf in Bremgarten"},"content":{"rendered":"<p><strong><img loading=\"lazy\" decoding=\"async\" class=\"wp-image-122 alignright\" src=\"https:\/\/www.urbangolf-bremgarten.ch\/wp-content\/uploads\/2025\/05\/cropped-Logo.png\" alt=\"\" width=\"172\" height=\"173\" srcset=\"https:\/\/www.urbangolf-bremgarten.ch\/wp-content\/uploads\/2025\/05\/cropped-Logo.png 249w, https:\/\/www.urbangolf-bremgarten.ch\/wp-content\/uploads\/2025\/05\/cropped-Logo-150x150.png 150w, https:\/\/www.urbangolf-bremgarten.ch\/wp-content\/uploads\/2025\/05\/cropped-Logo-100x100.png 100w\" sizes=\"auto, (max-width: 172px) 100vw, 172px\" \/>Herzlich willkommen in der zauberhaften Altstadt von Bremgarten!<br \/><\/strong>Bremgarten ist f\u00fcr seine engen G\u00e4sschen, die historische Sch\u00f6nheit und die einzigartige Atmosph\u00e4re am Fluss bekannt. Inmitten dieser charmanten Kulisse kannst du ein neues Spielerlebnis erleben &#8211; Urbangolf in Bremgarten!<\/p>\r\n<p><strong>Was ist Urbangolf?<\/strong><br \/>Urbangolf ist wie kleines Golf oder grosses Minigolf &#8211; die sch\u00f6ne Altstadt von Bremgarten dient dabei als Spielfeld. Insgesamt warten 9 verschiedene Stationen auf dich: Ausger\u00fcstet mit Karte, einem Golfschl\u00e4ger und einem weichen Golfball entdeckst du alleine oder in der Gruppe die Altstadt in Bremgarten.\u00a0<\/p>\r\n<p>Bei jeder Station auf dem Parcours gibt es einen definierten Abschlagpunkt und ein Ziel: Wie viele Schl\u00e4ge ben\u00f6tigst du?\u00a0 Erfahre zus\u00e4tzlich an jeder Station weitere spannende Fakten, Geschichten und Hintergr\u00fcnde.\u00a0<\/p>\r\n<p><strong>Wie sieht das Urbangolf-Spielfeld aus?<\/strong><br \/>Bremgarten gilt als eines der sch\u00f6nsten St\u00e4dtchen der Schweiz &#8211; es ist ber\u00fchmt f\u00fcr die gut erhaltene Altstadt mit gut erhaltenen H\u00e4usern, historischen Pl\u00e4tzen und engen G\u00e4sschen.\u00a0 Das ist die perfekte Umgebung f\u00fcr eine Runde Urbangolf! Die weit zur\u00fcckreichende Geschichte von Bremgarten macht eine Erkundung mit einem Golfball so interessant: Bereits um das Jahr 1250 erhielt die Stadt das Marktrecht, das St\u00e4dtchen bildete \u00fcber mehrere Jahrhunderte das Zentrum der Region.\u00a0<\/p>\r\n<p><strong><img loading=\"lazy\" decoding=\"async\" class=\"wp-image-139 alignright\" src=\"https:\/\/www.urbangolf-bremgarten.ch\/wp-content\/uploads\/2025\/05\/stern.jpg\" alt=\"\" width=\"182\" height=\"175\" srcset=\"https:\/\/www.urbangolf-bremgarten.ch\/wp-content\/uploads\/2025\/05\/stern.jpg 620w, https:\/\/www.urbangolf-bremgarten.ch\/wp-content\/uploads\/2025\/05\/stern-300x287.jpg 300w, https:\/\/www.urbangolf-bremgarten.ch\/wp-content\/uploads\/2025\/05\/stern-350x335.jpg 350w\" sizes=\"auto, (max-width: 182px) 100vw, 182px\" \/><\/strong><\/p>\r\n<p>Auf dem Urbangolf-Parcours kannst du so die Faszination vom Spiel erleben, andererseits erkundest du spielenderweise auch grad die Altstadt mit Kirchen, Marktpl\u00e4tzen und alten Brunnen: Du spielst \u00fcber historische Br\u00fccken, l\u00e4sst den Ball an jahrhundertealten Geb\u00e4uden abprallen und entdeckst spannende Orte in der Stadt.\u00a0<\/p>","protected":false},"excerpt":{"rendered":"<p>Herzlich willkommen in der zauberhaften Altstadt von Bremgarten!Bremgarten ist f\u00fcr seine engen G\u00e4sschen, die historische Sch\u00f6nheit und die einzigartige Atmosph\u00e4re am Fluss bekannt. Inmitten dieser charmanten Kulisse kannst du ein neues Spielerlebnis erleben &#8211; Urbangolf in Bremgarten! Was ist Urbangolf?Urbangolf ist wie kleines Golf oder grosses Minigolf &#8211; die sch\u00f6ne Altstadt von Bremgarten dient dabei &hellip; <\/p>\n<p class=\"link-more\"><a href=\"https:\/\/www.urbangolf-bremgarten.ch\/\" class=\"more-link\"><span class=\"screen-reader-text\">\u201eUrbangolf in Bremgarten\u201c<\/span> weiterlesen<\/a><\/p>\n","protected":false},"author":1,"featured_media":0,"parent":0,"menu_order":0,"comment_status":"closed","ping_status":"closed","template":"","meta":{"footnotes":""},"class_list":["post-8","page","type-page","status-publish","hentry"],"jetpack_sharing_enabled":true,"_links":{"self":[{"href":"https:\/\/www.urbangolf-bremgarten.ch\/index.php?rest_route=\/wp\/v2\/pages\/8","targetHints":{"allow":["GET"]}}],"collection":[{"href":"https:\/\/www.urbangolf-bremgarten.ch\/index.php?rest_route=\/wp\/v2\/pages"}],"about":[{"href":"https:\/\/www.urbangolf-bremgarten.ch\/index.php?rest_route=\/wp\/v2\/types\/page"}],"author":[{"embeddable":true,"href":"https:\/\/www.urbangolf-bremgarten.ch\/index.php?rest_route=\/wp\/v2\/users\/1"}],"replies":[{"embeddable":true,"href":"https:\/\/www.urbangolf-bremgarten.ch\/index.php?rest_route=%2Fwp%2Fv2%2Fcomments&post=8"}],"version-history":[{"count":14,"href":"https:\/\/www.urbangolf-bremgarten.ch\/index.php?rest_route=\/wp\/v2\/pages\/8\/revisions"}],"predecessor-version":[{"id":148,"href":"https:\/\/www.urbangolf-bremgarten.ch\/index.php?rest_route=\/wp\/v2\/pages\/8\/revisions\/148"}],"wp:attachment":[{"href":"https:\/\/www.urbangolf-bremgarten.ch\/index.php?rest_route=%2Fwp%2Fv2%2Fmedia&parent=8"}],"curies":[{"name":"wp","href":"https:\/\/api.w.org\/{rel}","templated":true}]}}