{"id":2,"date":"2023-05-29T18:55:01","date_gmt":"2023-05-29T18:55:01","guid":{"rendered":"https:\/\/www.urbangolf-bremgarten.ch\/?page_id=2"},"modified":"2025-06-07T21:10:47","modified_gmt":"2025-06-07T21:10:47","slug":"sample-page","status":"publish","type":"page","link":"https:\/\/www.urbangolf-bremgarten.ch\/?page_id=2","title":{"rendered":"Neun Stationen"},"content":{"rendered":"<p>Der Urbangolf-Parcours f\u00fchrt dich \u00fcber 9 Stationen kreuz und quer durch die wundersch\u00f6ne Altstadt von Bremgarten. Die Strecke ist rund 2.2 km lang und ist gr\u00f6sstenteils rollstuhlg\u00e4ngig<\/p>\n<h3>1. Pyramidenbrunnen am Obertorplatz<\/h3>\n<p><a href=\"https:\/\/www.urbangolf-bremgarten.ch\/wp-content\/uploads\/2025\/05\/Untitled-1.jpg\"><img loading=\"lazy\" decoding=\"async\" class=\"wp-image-172 alignright\" src=\"https:\/\/www.urbangolf-bremgarten.ch\/wp-content\/uploads\/2025\/05\/Untitled-1.jpg\" alt=\"\" width=\"350\" height=\"197\" srcset=\"https:\/\/www.urbangolf-bremgarten.ch\/wp-content\/uploads\/2025\/05\/Untitled-1.jpg 800w, https:\/\/www.urbangolf-bremgarten.ch\/wp-content\/uploads\/2025\/05\/Untitled-1-300x169.jpg 300w, https:\/\/www.urbangolf-bremgarten.ch\/wp-content\/uploads\/2025\/05\/Untitled-1-768x432.jpg 768w, https:\/\/www.urbangolf-bremgarten.ch\/wp-content\/uploads\/2025\/05\/Untitled-1-350x197.jpg 350w\" sizes=\"auto, (max-width: 350px) 100vw, 350px\" \/><\/a>Am Eingang der Altstadt befindet sich der Obertorplatz mit dem Wochenmarkt und dem Bezirksschulhaus.\u00a0 Die Urbangolf-Herausforderung ben\u00f6tigt etwas Geschicklichkeit oder Gl\u00fcck:\u00a0 Der Ball muss <strong>in<\/strong> den Pyramidenbrunnen&#8230; \ud83d\ude42<\/p>\n<h3>2. Casino bei der Holzbr\u00fccke<\/h3>\n<p><img loading=\"lazy\" decoding=\"async\" class=\"alignleft wp-image-186\" src=\"https:\/\/www.urbangolf-bremgarten.ch\/wp-content\/uploads\/2025\/06\/Station2-1-1024x576.jpg\" alt=\"\" width=\"350\" height=\"197\" srcset=\"https:\/\/www.urbangolf-bremgarten.ch\/wp-content\/uploads\/2025\/06\/Station2-1-1024x576.jpg 1024w, https:\/\/www.urbangolf-bremgarten.ch\/wp-content\/uploads\/2025\/06\/Station2-1-300x169.jpg 300w, https:\/\/www.urbangolf-bremgarten.ch\/wp-content\/uploads\/2025\/06\/Station2-1-768x432.jpg 768w, https:\/\/www.urbangolf-bremgarten.ch\/wp-content\/uploads\/2025\/06\/Station2-1-1536x864.jpg 1536w, https:\/\/www.urbangolf-bremgarten.ch\/wp-content\/uploads\/2025\/06\/Station2-1-2048x1152.jpg 2048w, https:\/\/www.urbangolf-bremgarten.ch\/wp-content\/uploads\/2025\/06\/Station2-1-350x197.jpg 350w\" sizes=\"auto, (max-width: 350px) 100vw, 350px\" \/><\/p>\n<p>Eines der Wahrzeichen von Bremgarten ist die Holzbr\u00fccke \u00fcber die Reuss,\u00a0 schon seit mehr als 700 Jahren besteht hier ein \u00dcbergang. Gleich auf der anderen Seite der Br\u00fccke befindet sich die Urbangolf-Herausforderung!<\/p>\n<h3><em>3. Schmittenpl\u00e4tzli<\/em><\/h3>\n<p><a href=\"https:\/\/www.urbangolf-bremgarten.ch\/wp-content\/uploads\/2025\/05\/Station3.jpg\"><img loading=\"lazy\" decoding=\"async\" class=\"alignright wp-image-167\" src=\"https:\/\/www.urbangolf-bremgarten.ch\/wp-content\/uploads\/2025\/05\/Station3-1024x576.jpg\" alt=\"\" width=\"350\" height=\"197\" srcset=\"https:\/\/www.urbangolf-bremgarten.ch\/wp-content\/uploads\/2025\/05\/Station3-1024x576.jpg 1024w, https:\/\/www.urbangolf-bremgarten.ch\/wp-content\/uploads\/2025\/05\/Station3-300x169.jpg 300w, https:\/\/www.urbangolf-bremgarten.ch\/wp-content\/uploads\/2025\/05\/Station3-768x432.jpg 768w, https:\/\/www.urbangolf-bremgarten.ch\/wp-content\/uploads\/2025\/05\/Station3-1536x864.jpg 1536w, https:\/\/www.urbangolf-bremgarten.ch\/wp-content\/uploads\/2025\/05\/Station3-2048x1152.jpg 2048w, https:\/\/www.urbangolf-bremgarten.ch\/wp-content\/uploads\/2025\/05\/Station3-350x197.jpg 350w\" sizes=\"auto, (max-width: 350px) 100vw, 350px\" \/><\/a>Von hier hat man einen wundersch\u00f6nen Blick &#8211;\u00a0 \u00a0direkt gegen\u00fcber liegt eines der \u00e4ltesten Wohngeb\u00e4ude im Kanton Aarau.<br \/>\nBei der Urbangolf-Herausforderung spielt dieses Haus eine wichtige Rolle, diesmal soll der Ball hoch gespielt werden!<\/p>\n<h3>4. Hexenturm<\/h3>\n<p><a href=\"https:\/\/www.urbangolf-bremgarten.ch\/wp-content\/uploads\/2025\/05\/Station4-scaled.jpg\"><img loading=\"lazy\" decoding=\"async\" class=\"alignleft wp-image-166\" src=\"https:\/\/www.urbangolf-bremgarten.ch\/wp-content\/uploads\/2025\/05\/Station4-1024x576.jpg\" alt=\"\" width=\"350\" height=\"197\" srcset=\"https:\/\/www.urbangolf-bremgarten.ch\/wp-content\/uploads\/2025\/05\/Station4-1024x576.jpg 1024w, https:\/\/www.urbangolf-bremgarten.ch\/wp-content\/uploads\/2025\/05\/Station4-300x169.jpg 300w, https:\/\/www.urbangolf-bremgarten.ch\/wp-content\/uploads\/2025\/05\/Station4-768x432.jpg 768w, https:\/\/www.urbangolf-bremgarten.ch\/wp-content\/uploads\/2025\/05\/Station4-1536x864.jpg 1536w, https:\/\/www.urbangolf-bremgarten.ch\/wp-content\/uploads\/2025\/05\/Station4-2048x1152.jpg 2048w, https:\/\/www.urbangolf-bremgarten.ch\/wp-content\/uploads\/2025\/05\/Station4-350x197.jpg 350w\" sizes=\"auto, (max-width: 350px) 100vw, 350px\" \/><\/a><\/p>\n<p>Der Hexenturm bildet den Eingang zur Altstadt auf der Westseite &#8211; ein markanter Punkt in Bremgarten. Ehrensache, dass auch die Urbangolf-Herausforderung den Hexenturm ins Ziel nimmt!<\/p>\n<h2>5. Kirche in der Unterstadt<\/h2>\n<p><a href=\"https:\/\/www.urbangolf-bremgarten.ch\/wp-content\/uploads\/2025\/05\/Station5-scaled.jpg\"><img loading=\"lazy\" decoding=\"async\" class=\"alignright wp-image-168\" src=\"https:\/\/www.urbangolf-bremgarten.ch\/wp-content\/uploads\/2025\/05\/Station5-1024x576.jpg\" alt=\"\" width=\"350\" height=\"197\" srcset=\"https:\/\/www.urbangolf-bremgarten.ch\/wp-content\/uploads\/2025\/05\/Station5-1024x576.jpg 1024w, https:\/\/www.urbangolf-bremgarten.ch\/wp-content\/uploads\/2025\/05\/Station5-300x169.jpg 300w, https:\/\/www.urbangolf-bremgarten.ch\/wp-content\/uploads\/2025\/05\/Station5-768x432.jpg 768w, https:\/\/www.urbangolf-bremgarten.ch\/wp-content\/uploads\/2025\/05\/Station5-1536x864.jpg 1536w, https:\/\/www.urbangolf-bremgarten.ch\/wp-content\/uploads\/2025\/05\/Station5-2048x1152.jpg 2048w, https:\/\/www.urbangolf-bremgarten.ch\/wp-content\/uploads\/2025\/05\/Station5-350x197.jpg 350w\" sizes=\"auto, (max-width: 350px) 100vw, 350px\" \/><\/a>Rund um die katholische Kirche in der Unterstadt sind verschiedene kirchliche Bauten angeordnet. F\u00fcr die Urbangolf-Herausforderung haben wir ein Objekt mit Erstellungsjahr 1743 gefunden!<\/p>\n<p>&nbsp;<\/p>\n<h2>6. Brunnen hinter dem Hermannsturm<\/h2>\n<p><img loading=\"lazy\" decoding=\"async\" class=\"alignleft wp-image-172\" src=\"https:\/\/www.urbangolf-bremgarten.ch\/wp-content\/uploads\/2025\/05\/Untitled-1.jpg\" alt=\"\" width=\"350\" height=\"197\" srcset=\"https:\/\/www.urbangolf-bremgarten.ch\/wp-content\/uploads\/2025\/05\/Untitled-1.jpg 800w, https:\/\/www.urbangolf-bremgarten.ch\/wp-content\/uploads\/2025\/05\/Untitled-1-300x169.jpg 300w, https:\/\/www.urbangolf-bremgarten.ch\/wp-content\/uploads\/2025\/05\/Untitled-1-768x432.jpg 768w, https:\/\/www.urbangolf-bremgarten.ch\/wp-content\/uploads\/2025\/05\/Untitled-1-350x197.jpg 350w\" sizes=\"auto, (max-width: 350px) 100vw, 350px\" \/>Hinter dem Turm beginnt das Naherholungsgebiet entlang der Reuss. Bei dieser Urbangolf-Herausforderung ist nun etwas Balance kombiniert mit einem pr\u00e4zisen Nahschuss gefragt.<\/p>\n<h2>7. Am Waldstrand<\/h2>\n<p><a href=\"https:\/\/www.urbangolf-bremgarten.ch\/wp-content\/uploads\/2025\/06\/Station7-scaled.jpg\"><img loading=\"lazy\" decoding=\"async\" class=\"wp-image-183 alignright\" src=\"https:\/\/www.urbangolf-bremgarten.ch\/wp-content\/uploads\/2025\/06\/Station7-1024x576.jpg\" alt=\"\" width=\"350\" height=\"197\" srcset=\"https:\/\/www.urbangolf-bremgarten.ch\/wp-content\/uploads\/2025\/06\/Station7-1024x576.jpg 1024w, https:\/\/www.urbangolf-bremgarten.ch\/wp-content\/uploads\/2025\/06\/Station7-300x169.jpg 300w, https:\/\/www.urbangolf-bremgarten.ch\/wp-content\/uploads\/2025\/06\/Station7-768x432.jpg 768w, https:\/\/www.urbangolf-bremgarten.ch\/wp-content\/uploads\/2025\/06\/Station7-1536x864.jpg 1536w, https:\/\/www.urbangolf-bremgarten.ch\/wp-content\/uploads\/2025\/06\/Station7-2048x1152.jpg 2048w, https:\/\/www.urbangolf-bremgarten.ch\/wp-content\/uploads\/2025\/06\/Station7-350x197.jpg 350w\" sizes=\"auto, (max-width: 350px) 100vw, 350px\" \/><\/a>Die Altstadt von Bremgarten liegt in der Reussschlaufe &#8211; da darf nat\u00fcrlich die Urbangolf-Herausforderung am Strand der Reuss auch nicht fehlen. Hier bietet sich eine Grillstelle f\u00fcr eine l\u00e4ngere Pause an &#8211; mit erfrischendem Bad im Fluss?<\/p>\n<p>&nbsp;<\/p>\n<h2>8. Schellenhausplatz<\/h2>\n<p><img loading=\"lazy\" decoding=\"async\" class=\"wp-image-172 alignleft\" src=\"https:\/\/www.urbangolf-bremgarten.ch\/wp-content\/uploads\/2025\/05\/Untitled-1.jpg\" alt=\"\" width=\"350\" height=\"197\" srcset=\"https:\/\/www.urbangolf-bremgarten.ch\/wp-content\/uploads\/2025\/05\/Untitled-1.jpg 800w, https:\/\/www.urbangolf-bremgarten.ch\/wp-content\/uploads\/2025\/05\/Untitled-1-300x169.jpg 300w, https:\/\/www.urbangolf-bremgarten.ch\/wp-content\/uploads\/2025\/05\/Untitled-1-768x432.jpg 768w, https:\/\/www.urbangolf-bremgarten.ch\/wp-content\/uploads\/2025\/05\/Untitled-1-350x197.jpg 350w\" sizes=\"auto, (max-width: 350px) 100vw, 350px\" \/>Auf dem h\u00f6chsten Platz der Stadt ist immer etwas los. Die Urbangolf-Heruasforderung nimmt hier das lokale Kellertheater ins Ziel&#8230;<\/p>\n<p>&nbsp;<\/p>\n<h2>9. Ratshaus<\/h2>\n<p><a href=\"https:\/\/www.urbangolf-bremgarten.ch\/wp-content\/uploads\/2025\/06\/Station9-scaled.jpg\"><img loading=\"lazy\" decoding=\"async\" class=\"wp-image-184 alignright\" src=\"https:\/\/www.urbangolf-bremgarten.ch\/wp-content\/uploads\/2025\/06\/Station9-1024x576.jpg\" alt=\"\" width=\"350\" height=\"197\" srcset=\"https:\/\/www.urbangolf-bremgarten.ch\/wp-content\/uploads\/2025\/06\/Station9-1024x576.jpg 1024w, https:\/\/www.urbangolf-bremgarten.ch\/wp-content\/uploads\/2025\/06\/Station9-300x169.jpg 300w, https:\/\/www.urbangolf-bremgarten.ch\/wp-content\/uploads\/2025\/06\/Station9-768x432.jpg 768w, https:\/\/www.urbangolf-bremgarten.ch\/wp-content\/uploads\/2025\/06\/Station9-1536x864.jpg 1536w, https:\/\/www.urbangolf-bremgarten.ch\/wp-content\/uploads\/2025\/06\/Station9-2048x1152.jpg 2048w, https:\/\/www.urbangolf-bremgarten.ch\/wp-content\/uploads\/2025\/06\/Station9-350x197.jpg 350w\" sizes=\"auto, (max-width: 350px) 100vw, 350px\" \/><\/a>Gleich hinter den geheimnisvollen &#8222;Ehgr\u00e4ben&#8220; spielt die letzte Urbangolf-Herausforderungen vor grosser Kulisse: Direkt vor dem Ratshaus ist ein langer Schuss mit absolviertem Zwischenziel gefragt&#8230;<\/p>\n","protected":false},"excerpt":{"rendered":"<p>Der Urbangolf-Parcours f\u00fchrt dich \u00fcber 9 Stationen kreuz und quer durch die wundersch\u00f6ne Altstadt von Bremgarten. Die Strecke ist rund 2.2 km lang und ist gr\u00f6sstenteils rollstuhlg\u00e4ngig 1. Pyramidenbrunnen am Obertorplatz Am Eingang der Altstadt befindet sich der Obertorplatz mit dem Wochenmarkt und dem Bezirksschulhaus.\u00a0 Die Urbangolf-Herausforderung ben\u00f6tigt etwas Geschicklichkeit oder Gl\u00fcck:\u00a0 Der Ball muss &hellip; <\/p>\n<p class=\"link-more\"><a href=\"https:\/\/www.urbangolf-bremgarten.ch\/?page_id=2\" class=\"more-link\"><span class=\"screen-reader-text\">\u201eNeun Stationen\u201c<\/span> weiterlesen<\/a><\/p>\n","protected":false},"author":1,"featured_media":0,"parent":0,"menu_order":0,"comment_status":"closed","ping_status":"closed","template":"","meta":{"footnotes":""},"class_list":["post-2","page","type-page","status-publish","hentry"],"jetpack_sharing_enabled":true,"_links":{"self":[{"href":"https:\/\/www.urbangolf-bremgarten.ch\/index.php?rest_route=\/wp\/v2\/pages\/2","targetHints":{"allow":["GET"]}}],"collection":[{"href":"https:\/\/www.urbangolf-bremgarten.ch\/index.php?rest_route=\/wp\/v2\/pages"}],"about":[{"href":"https:\/\/www.urbangolf-bremgarten.ch\/index.php?rest_route=\/wp\/v2\/types\/page"}],"author":[{"embeddable":true,"href":"https:\/\/www.urbangolf-bremgarten.ch\/index.php?rest_route=\/wp\/v2\/users\/1"}],"replies":[{"embeddable":true,"href":"https:\/\/www.urbangolf-bremgarten.ch\/index.php?rest_route=%2Fwp%2Fv2%2Fcomments&post=2"}],"version-history":[{"count":17,"href":"https:\/\/www.urbangolf-bremgarten.ch\/index.php?rest_route=\/wp\/v2\/pages\/2\/revisions"}],"predecessor-version":[{"id":195,"href":"https:\/\/www.urbangolf-bremgarten.ch\/index.php?rest_route=\/wp\/v2\/pages\/2\/revisions\/195"}],"wp:attachment":[{"href":"https:\/\/www.urbangolf-bremgarten.ch\/index.php?rest_route=%2Fwp%2Fv2%2Fmedia&parent=2"}],"curies":[{"name":"wp","href":"https:\/\/api.w.org\/{rel}","templated":true}]}}