{"id":12,"date":"2023-06-01T19:34:13","date_gmt":"2023-06-01T19:34:13","guid":{"rendered":"https:\/\/www.urbangolf-bremgarten.ch\/?page_id=12"},"modified":"2025-06-07T22:54:58","modified_gmt":"2025-06-07T22:54:58","slug":"ein-homepage-abschnitt","status":"publish","type":"page","link":"https:\/\/www.urbangolf-bremgarten.ch\/?page_id=12","title":{"rendered":"Auf einen Blick"},"content":{"rendered":"<p><strong><img loading=\"lazy\" decoding=\"async\" class=\"alignleft wp-image-209\" src=\"https:\/\/www.urbangolf-bremgarten.ch\/wp-content\/uploads\/2025\/06\/Preise-1.png\" alt=\"\" width=\"65\" height=\"111\" srcset=\"https:\/\/www.urbangolf-bremgarten.ch\/wp-content\/uploads\/2025\/06\/Preise-1.png 249w, https:\/\/www.urbangolf-bremgarten.ch\/wp-content\/uploads\/2025\/06\/Preise-1-176x300.png 176w\" sizes=\"auto, (max-width: 65px) 100vw, 65px\" \/>Preise<\/strong><br \/>\nErwachsene: CHF 14.-<br \/>\nKinder \/ Jugendliche bis 16 Jahre: CHF 7.-<br \/>\n<span style=\"font-size: 1rem;\">Familien: CHF 30.- pauschal<br \/>\n<\/span>Schulklassen bis 6. Klasse: CHF 100.- pauschal<\/p>\n<p><strong><img loading=\"lazy\" decoding=\"async\" class=\"alignleft wp-image-224\" src=\"https:\/\/www.urbangolf-bremgarten.ch\/wp-content\/uploads\/2025\/06\/material.png\" alt=\"\" width=\"65\" height=\"95\" srcset=\"https:\/\/www.urbangolf-bremgarten.ch\/wp-content\/uploads\/2025\/06\/material.png 249w, https:\/\/www.urbangolf-bremgarten.ch\/wp-content\/uploads\/2025\/06\/material-205x300.png 205w\" sizes=\"auto, (max-width: 65px) 100vw, 65px\" \/>Bezug von Schl\u00e4ger, Ball und Parcoursbrosch\u00fcre<br \/>\n<\/strong>Dank unserem Partner direkt in der Altstadt ist\u00a0 alles nah und einfach. Nach der <a href=\"https:\/\/www.urbangolf-bremgarten.ch\/?page_id=53\">Buchung<\/a> erh\u00e4ltst du detaillierte Informationen, wie und wo du alles Material f\u00fcr das Urbangolf Bremgarten erh\u00e4ltst.<\/p>\n<p><strong><img loading=\"lazy\" decoding=\"async\" class=\"alignleft wp-image-217\" src=\"https:\/\/www.urbangolf-bremgarten.ch\/wp-content\/uploads\/2025\/06\/oeffnungszeiten-1.png\" alt=\"\" width=\"65\" height=\"91\" srcset=\"https:\/\/www.urbangolf-bremgarten.ch\/wp-content\/uploads\/2025\/06\/oeffnungszeiten-1.png 249w, https:\/\/www.urbangolf-bremgarten.ch\/wp-content\/uploads\/2025\/06\/oeffnungszeiten-1-214x300.png 214w\" sizes=\"auto, (max-width: 65px) 100vw, 65px\" \/>\u00d6ffnungszeiten<br \/>\n<\/strong>Mo \/ Di geschlossen<br \/>\nMi \/ Do \/ Fr \/ Sa \/ So:\u00a0 13.00 &#8211; 19.00 Uhr<\/p>\n<p>&nbsp;<\/p>\n<p><strong><img loading=\"lazy\" decoding=\"async\" class=\"alignleft wp-image-222\" src=\"https:\/\/www.urbangolf-bremgarten.ch\/wp-content\/uploads\/2025\/06\/anreise-1.png\" alt=\"\" width=\"65\" height=\"95\" srcset=\"https:\/\/www.urbangolf-bremgarten.ch\/wp-content\/uploads\/2025\/06\/anreise-1.png 249w, https:\/\/www.urbangolf-bremgarten.ch\/wp-content\/uploads\/2025\/06\/anreise-1-205x300.png 205w\" sizes=\"auto, (max-width: 65px) 100vw, 65px\" \/><\/strong><\/p>\n<p><strong>Anreise<br \/>\n<\/strong>Es sind nur weniger Parkpl\u00e4tze innerhalb von Bremgarten verf\u00fcgbar, aber der\u00a0 Bahnhof Obertor liegt nur 80 Meter vom Startpunkt entfernt. Wir empfehlen die Anreise per \u00f6ffentlichem Verkehr zur Station &#8222;Bremgarten Obertor&#8220;.<\/p>\n<p><strong><img loading=\"lazy\" decoding=\"async\" class=\"alignleft wp-image-213\" src=\"https:\/\/www.urbangolf-bremgarten.ch\/wp-content\/uploads\/2025\/06\/gelati.png\" alt=\"\" width=\"65\" height=\"111\" srcset=\"https:\/\/www.urbangolf-bremgarten.ch\/wp-content\/uploads\/2025\/06\/gelati.png 250w, https:\/\/www.urbangolf-bremgarten.ch\/wp-content\/uploads\/2025\/06\/gelati-176x300.png 176w\" sizes=\"auto, (max-width: 65px) 100vw, 65px\" \/>Gelati f\u00fcr Gewinnerin \/ Gewinner<\/strong><br \/>\nDie Gewinnerin oder der Gewinner von jeder Gruppe erh\u00e4lt bei R\u00fcckgabe der Schl\u00e4ger ein kleines Gelati nach Wahl.<\/p>\n<p><strong>\u00dcbersicht Urbangolf-Parcours<\/strong><\/p>\n<p><a href=\"https:\/\/www.urbangolf-bremgarten.ch\/wp-content\/uploads\/2025\/05\/UbersichtDetail.png\"><img loading=\"lazy\" decoding=\"async\" class=\"alignnone wp-image-141\" src=\"https:\/\/www.urbangolf-bremgarten.ch\/wp-content\/uploads\/2025\/05\/UbersichtDetail-1024x704.png\" alt=\"\" width=\"700\" height=\"481\" srcset=\"https:\/\/www.urbangolf-bremgarten.ch\/wp-content\/uploads\/2025\/05\/UbersichtDetail-1024x704.png 1024w, https:\/\/www.urbangolf-bremgarten.ch\/wp-content\/uploads\/2025\/05\/UbersichtDetail-300x206.png 300w, https:\/\/www.urbangolf-bremgarten.ch\/wp-content\/uploads\/2025\/05\/UbersichtDetail-768x528.png 768w, https:\/\/www.urbangolf-bremgarten.ch\/wp-content\/uploads\/2025\/05\/UbersichtDetail-350x240.png 350w, https:\/\/www.urbangolf-bremgarten.ch\/wp-content\/uploads\/2025\/05\/UbersichtDetail.png 1048w\" sizes=\"auto, (max-width: 700px) 100vw, 700px\" \/><\/a><br \/>\nInsgesamt dauert der Urbangolf-Parcours ca. 2 &#8211; 2.5 h (ca. 2.5 km Distanz)<\/p>\n<p><strong>Haftung und R\u00fccksicht auf Passanten und Velofahrer<\/strong><br \/>\nDie Bahnen befinden sich auf \u00f6ffentlichem Grund.\u00a0Jeder Teilnehmer haftet bei Sch\u00e4den mit seiner Haftpflichtversicherung selber.<\/p>\n<p>Beim Urban Golf ist die sich ver\u00e4ndernde Umgebung, z.B. mit Passanten und Velofahrern, ein Bestandteil des Spiels. Um Konflikte zu vermeiden: Bitte Passanten und anderen Verkehrsteilnehmern jederzeit Vortritt gew\u00e4hren!<\/p>\n","protected":false},"excerpt":{"rendered":"<p>Preise Erwachsene: CHF 14.- Kinder \/ Jugendliche bis 16 Jahre: CHF 7.- Familien: CHF 30.- pauschal Schulklassen bis 6. Klasse: CHF 100.- pauschal Bezug von Schl\u00e4ger, Ball und Parcoursbrosch\u00fcre Dank unserem Partner direkt in der Altstadt ist\u00a0 alles nah und einfach. Nach der Buchung erh\u00e4ltst du detaillierte Informationen, wie und wo du alles Material f\u00fcr &hellip; <\/p>\n<p class=\"link-more\"><a href=\"https:\/\/www.urbangolf-bremgarten.ch\/?page_id=12\" class=\"more-link\"><span class=\"screen-reader-text\">\u201eAuf einen Blick\u201c<\/span> weiterlesen<\/a><\/p>\n","protected":false},"author":1,"featured_media":0,"parent":0,"menu_order":0,"comment_status":"closed","ping_status":"closed","template":"","meta":{"footnotes":""},"class_list":["post-12","page","type-page","status-publish","hentry"],"jetpack_sharing_enabled":true,"_links":{"self":[{"href":"https:\/\/www.urbangolf-bremgarten.ch\/index.php?rest_route=\/wp\/v2\/pages\/12","targetHints":{"allow":["GET"]}}],"collection":[{"href":"https:\/\/www.urbangolf-bremgarten.ch\/index.php?rest_route=\/wp\/v2\/pages"}],"about":[{"href":"https:\/\/www.urbangolf-bremgarten.ch\/index.php?rest_route=\/wp\/v2\/types\/page"}],"author":[{"embeddable":true,"href":"https:\/\/www.urbangolf-bremgarten.ch\/index.php?rest_route=\/wp\/v2\/users\/1"}],"replies":[{"embeddable":true,"href":"https:\/\/www.urbangolf-bremgarten.ch\/index.php?rest_route=%2Fwp%2Fv2%2Fcomments&post=12"}],"version-history":[{"count":30,"href":"https:\/\/www.urbangolf-bremgarten.ch\/index.php?rest_route=\/wp\/v2\/pages\/12\/revisions"}],"predecessor-version":[{"id":225,"href":"https:\/\/www.urbangolf-bremgarten.ch\/index.php?rest_route=\/wp\/v2\/pages\/12\/revisions\/225"}],"wp:attachment":[{"href":"https:\/\/www.urbangolf-bremgarten.ch\/index.php?rest_route=%2Fwp%2Fv2%2Fmedia&parent=12"}],"curies":[{"name":"wp","href":"https:\/\/api.w.org\/{rel}","templated":true}]}}